{"id":2999,"date":"2013-10-15T02:43:08","date_gmt":"2013-10-15T02:43:08","guid":{"rendered":"http:\/\/qcons.vn\/?page_id=2999"},"modified":"2023-10-02T04:36:30","modified_gmt":"2023-10-02T04:36:30","slug":"lien-he","status":"publish","type":"page","link":"https:\/\/qcons.vn\/?page_id=2999","title":{"rendered":"Li\u00ean h\u1ec7"},"content":{"rendered":"<p>C\u00e1m \u01a1n b\u1ea1n \u0111\u00e3 gh\u00e9 th\u0103m website ch\u00fang t\u00f4i. N\u1ebfu b\u1ea1n c\u1ea7n li\u00ean h\u1ec7 v\u1edbi ch\u00fang t\u00f4i, vui l\u00f2ng g\u1eedi v\u00e0o email inquiries@qcons.vn<\/p>\n<p>&nbsp;<\/p>\n","protected":false},"excerpt":{"rendered":"<p>C\u00e1m \u01a1n b\u1ea1n \u0111\u00e3 gh\u00e9 th\u0103m website ch\u00fang t\u00f4i. N\u1ebfu b\u1ea1n c\u1ea7n li\u00ean h\u1ec7 v\u1edbi ch\u00fang t\u00f4i, vui l\u00f2ng g\u1eedi v\u00e0o email inquiries@qcons.vn &nbsp;<\/p>\n","protected":false},"author":1,"featured_media":0,"parent":0,"menu_order":0,"comment_status":"open","ping_status":"open","template":"","meta":{"footnotes":""},"class_list":["post-2999","page","type-page","status-publish","hentry"],"acf":[],"_links":{"self":[{"href":"https:\/\/qcons.vn\/index.php?rest_route=\/wp\/v2\/pages\/2999","targetHints":{"allow":["GET"]}}],"collection":[{"href":"https:\/\/qcons.vn\/index.php?rest_route=\/wp\/v2\/pages"}],"about":[{"href":"https:\/\/qcons.vn\/index.php?rest_route=\/wp\/v2\/types\/page"}],"author":[{"embeddable":true,"href":"https:\/\/qcons.vn\/index.php?rest_route=\/wp\/v2\/users\/1"}],"replies":[{"embeddable":true,"href":"https:\/\/qcons.vn\/index.php?rest_route=%2Fwp%2Fv2%2Fcomments&post=2999"}],"version-history":[{"count":21,"href":"https:\/\/qcons.vn\/index.php?rest_route=\/wp\/v2\/pages\/2999\/revisions"}],"predecessor-version":[{"id":5084,"href":"https:\/\/qcons.vn\/index.php?rest_route=\/wp\/v2\/pages\/2999\/revisions\/5084"}],"wp:attachment":[{"href":"https:\/\/qcons.vn\/index.php?rest_route=%2Fwp%2Fv2%2Fmedia&parent=2999"}],"curies":[{"name":"wp","href":"https:\/\/api.w.org\/{rel}","templated":true}]}}