{"id":3312,"date":"2014-06-26T04:39:33","date_gmt":"2014-06-26T04:39:33","guid":{"rendered":"http:\/\/qcons.vn\/?page_id=3312"},"modified":"2014-08-15T08:06:17","modified_gmt":"2014-08-15T08:06:17","slug":"khu-nghi-duong-nha-hang-khach-san","status":"publish","type":"page","link":"https:\/\/qcons.vn\/?page_id=3312","title":{"rendered":"Khu ngh\u1ec9 d\u01b0\u1ee1ng &#8211; Nh\u00e0 h\u00e0ng &#8211; Kh\u00e1ch s\u1ea1n"},"content":{"rendered":"","protected":false},"excerpt":{"rendered":"","protected":false},"author":1,"featured_media":0,"parent":0,"menu_order":0,"comment_status":"open","ping_status":"open","template":"","meta":{"footnotes":""},"class_list":["post-3312","page","type-page","status-publish","hentry"],"acf":[],"_links":{"self":[{"href":"https:\/\/qcons.vn\/index.php?rest_route=\/wp\/v2\/pages\/3312","targetHints":{"allow":["GET"]}}],"collection":[{"href":"https:\/\/qcons.vn\/index.php?rest_route=\/wp\/v2\/pages"}],"about":[{"href":"https:\/\/qcons.vn\/index.php?rest_route=\/wp\/v2\/types\/page"}],"author":[{"embeddable":true,"href":"https:\/\/qcons.vn\/index.php?rest_route=\/wp\/v2\/users\/1"}],"replies":[{"embeddable":true,"href":"https:\/\/qcons.vn\/index.php?rest_route=%2Fwp%2Fv2%2Fcomments&post=3312"}],"version-history":[{"count":2,"href":"https:\/\/qcons.vn\/index.php?rest_route=\/wp\/v2\/pages\/3312\/revisions"}],"predecessor-version":[{"id":3544,"href":"https:\/\/qcons.vn\/index.php?rest_route=\/wp\/v2\/pages\/3312\/revisions\/3544"}],"wp:attachment":[{"href":"https:\/\/qcons.vn\/index.php?rest_route=%2Fwp%2Fv2%2Fmedia&parent=3312"}],"curies":[{"name":"wp","href":"https:\/\/api.w.org\/{rel}","templated":true}]}}